{"id":9665,"date":"2019-01-02T22:15:25","date_gmt":"2019-01-02T21:15:25","guid":{"rendered":"http:\/\/www.prospereando.es\/?page_id=9665"},"modified":"2021-10-21T21:59:44","modified_gmt":"2021-10-21T19:59:44","slug":"talleres","status":"publish","type":"page","link":"https:\/\/www.prospereando.es\/index.php\/talleres\/","title":{"rendered":"Talleres"},"content":{"rendered":"<p>Est\u00e1 abierta la inscripci\u00f3n para los Talleres:<\/p>\n<ul>\n<li><b>KUNDALINI YOGA:<\/b> los lunes de 19,30 a 21,00 h (comienza el lunes 4), semanal.<\/li>\n<li><b>COMUNICACI\u00d3N CONSCIENTE Y NO VIOLENTA<\/b>: los mi\u00e9rcoles de 17,30 a 20,00 (comienza el mi\u00e9rcoles 6), quincenal, de octubre a diciembre.<\/li>\n<li><b>HATHA YOGA: los jueves de 10,30 a 11,30 h (comienza el jueves 7). Semanal<\/b><\/li>\n<li><b>FILOSOFIA:<\/b> los jueves de 19,30 a 21,00 h (comienza el jueves 14) semanal<\/li>\n<li><b>ALFABETIZACION MEDI\u00c1TICA E INFORMACIONAL. Taller subvencionado por la Junta Municipal de Chamartin. Gratuito, inscripci\u00f3n, 5\u0080.<\/b> Se impartir\u00e1n 7 talleres, de octubre a diciembre<br \/>\nOctubre dos talleres el 18, 19, 20 y el 25,26,27:<br \/>\nGrupo 1 &#8211; lunes y mi\u00e9rcoles de 10 a 11,30h<br \/>\nGrupo 2 &#8211; lunes, martes y mi\u00e9rcoles de 12 a 13h<\/li>\n<\/ul>\n<p>Se entregar\u00e1 informaci\u00f3n de los contenidos, cuando la inscripci\u00f3n. Se anunciar\u00e1n las fechas de noviembre y diciembre.<\/p>\n","protected":false},"excerpt":{"rendered":"<p>Est\u00e1 abierta la inscripci\u00f3n para los Talleres: KUNDALINI YOGA: los lunes de 19,30 a 21,00 h (comienza el lunes 4), semanal. COMUNICACI\u00d3N CONSCIENTE Y NO VIOLENTA: los mi\u00e9rcoles de 17,30 a 20,00 (comienza el mi\u00e9rcoles 6), quincenal, de octubre a diciembre. HATHA YOGA: los jueves de 10,30 a 11,30 h (comienza el jueves 7). Semanal FILOSOFIA: los jueves de 19,30 a 21,00 h (comienza el jueves 14) semanal ALFABETIZACION MEDI\u00c1TICA E INFORMACIONAL. Taller subvencionado por la Junta Municipal de Chamartin. Gratuito, inscripci\u00f3n, 5\u0080. Se impartir\u00e1n 7 talleres, de octubre a &hellip; <\/p>\n","protected":false},"author":1,"featured_media":0,"parent":0,"menu_order":0,"comment_status":"closed","ping_status":"closed","template":"","meta":{"footnotes":""},"class_list":["post-9665","page","type-page","status-publish","hentry"],"_links":{"self":[{"href":"https:\/\/www.prospereando.es\/index.php\/wp-json\/wp\/v2\/pages\/9665","targetHints":{"allow":["GET"]}}],"collection":[{"href":"https:\/\/www.prospereando.es\/index.php\/wp-json\/wp\/v2\/pages"}],"about":[{"href":"https:\/\/www.prospereando.es\/index.php\/wp-json\/wp\/v2\/types\/page"}],"author":[{"embeddable":true,"href":"https:\/\/www.prospereando.es\/index.php\/wp-json\/wp\/v2\/users\/1"}],"replies":[{"embeddable":true,"href":"https:\/\/www.prospereando.es\/index.php\/wp-json\/wp\/v2\/comments?post=9665"}],"version-history":[{"count":14,"href":"https:\/\/www.prospereando.es\/index.php\/wp-json\/wp\/v2\/pages\/9665\/revisions"}],"predecessor-version":[{"id":18695,"href":"https:\/\/www.prospereando.es\/index.php\/wp-json\/wp\/v2\/pages\/9665\/revisions\/18695"}],"wp:attachment":[{"href":"https:\/\/www.prospereando.es\/index.php\/wp-json\/wp\/v2\/media?parent=9665"}],"curies":[{"name":"wp","href":"https:\/\/api.w.org\/{rel}","templated":true}]}}